{"id":1450,"date":"2024-12-19T10:08:04","date_gmt":"2024-12-19T09:08:04","guid":{"rendered":"https:\/\/www.kooa.fr\/?page_id=1450"},"modified":"2024-12-19T11:46:14","modified_gmt":"2024-12-19T10:46:14","slug":"contact","status":"publish","type":"page","link":"https:\/\/www.kooa.fr\/index.php\/contact\/","title":{"rendered":"Contact KOOA"},"content":{"rendered":"\t\t<div data-elementor-type=\"wp-page\" data-elementor-id=\"1450\" class=\"elementor elementor-1450\" data-elementor-post-type=\"page\">\n\t\t\t\t\t\t<section class=\"elementor-section elementor-top-section elementor-element elementor-element-2a62d75 elementor-section-boxed elementor-section-height-default elementor-section-height-default\" data-id=\"2a62d75\" data-element_type=\"section\" data-e-type=\"section\">\n\t\t\t\t\t\t<div class=\"elementor-container elementor-column-gap-default\">\n\t\t\t\t\t<div class=\"elementor-column elementor-col-100 elementor-top-column elementor-element elementor-element-51fffba\" data-id=\"51fffba\" data-element_type=\"column\" data-e-type=\"column\">\n\t\t\t<div class=\"elementor-widget-wrap elementor-element-populated\">\n\t\t\t\t\t\t<div class=\"elementor-element elementor-element-fe43494 elementor-widget elementor-widget-image\" data-id=\"fe43494\" data-element_type=\"widget\" data-e-type=\"widget\" data-widget_type=\"image.default\">\n\t\t\t\t<div class=\"elementor-widget-container\">\n\t\t\t\t\t\t\t\t\t\t\t\t\t\t\t<img fetchpriority=\"high\" decoding=\"async\" width=\"800\" height=\"534\" src=\"https:\/\/www.kooa.fr\/wp-content\/uploads\/2024\/12\/Marie-Lextrait-1024x683.jpeg\" class=\"attachment-large size-large wp-image-1564\" alt=\"\" srcset=\"https:\/\/www.kooa.fr\/wp-content\/uploads\/2024\/12\/Marie-Lextrait-1024x683.jpeg 1024w, https:\/\/www.kooa.fr\/wp-content\/uploads\/2024\/12\/Marie-Lextrait-300x200.jpeg 300w, https:\/\/www.kooa.fr\/wp-content\/uploads\/2024\/12\/Marie-Lextrait-768x512.jpeg 768w, https:\/\/www.kooa.fr\/wp-content\/uploads\/2024\/12\/Marie-Lextrait.jpeg 1086w\" sizes=\"(max-width: 800px) 100vw, 800px\" \/>\t\t\t\t\t\t\t\t\t\t\t\t\t\t\t<\/div>\n\t\t\t\t<\/div>\n\t\t\t\t\t<\/div>\n\t\t<\/div>\n\t\t\t\t\t<\/div>\n\t\t<\/section>\n\t\t\t\t<section class=\"elementor-section elementor-top-section elementor-element elementor-element-3f35186 elementor-section-boxed elementor-section-height-default elementor-section-height-default\" data-id=\"3f35186\" data-element_type=\"section\" data-e-type=\"section\">\n\t\t\t\t\t\t<div class=\"elementor-container elementor-column-gap-default\">\n\t\t\t\t\t<div class=\"elementor-column elementor-col-33 elementor-top-column elementor-element elementor-element-75f68e7\" data-id=\"75f68e7\" data-element_type=\"column\" data-e-type=\"column\">\n\t\t\t<div class=\"elementor-widget-wrap\">\n\t\t\t\t\t\t\t<\/div>\n\t\t<\/div>\n\t\t\t\t<div class=\"elementor-column elementor-col-33 elementor-top-column elementor-element elementor-element-469fdc4\" data-id=\"469fdc4\" data-element_type=\"column\" data-e-type=\"column\">\n\t\t\t<div class=\"elementor-widget-wrap elementor-element-populated\">\n\t\t\t\t\t\t<div class=\"elementor-element elementor-element-02fb98b elementor-widget elementor-widget-heading\" data-id=\"02fb98b\" data-element_type=\"widget\" data-e-type=\"widget\" data-widget_type=\"heading.default\">\n\t\t\t\t<div class=\"elementor-widget-container\">\n\t\t\t\t\t<h4 class=\"elementor-heading-title elementor-size-default\">Nous contacter rapidement<\/h4>\t\t\t\t<\/div>\n\t\t\t\t<\/div>\n\t\t\t\t<div class=\"elementor-element elementor-element-8931b46 elementor-icon-list--layout-inline elementor-align-center elementor-list-item-link-full_width elementor-widget elementor-widget-icon-list\" data-id=\"8931b46\" data-element_type=\"widget\" data-e-type=\"widget\" data-widget_type=\"icon-list.default\">\n\t\t\t\t<div class=\"elementor-widget-container\">\n\t\t\t\t\t\t\t<ul class=\"elementor-icon-list-items elementor-inline-items\">\n\t\t\t\t\t\t\t<li class=\"elementor-icon-list-item elementor-inline-item\">\n\t\t\t\t\t\t\t\t\t\t\t<span class=\"elementor-icon-list-icon\">\n\t\t\t\t\t\t\t<i aria-hidden=\"true\" class=\"fas fa-phone-alt\"><\/i>\t\t\t\t\t\t<\/span>\n\t\t\t\t\t\t\t\t\t\t<span class=\"elementor-icon-list-text\">06 98 78 24 08<\/span>\n\t\t\t\t\t\t\t\t\t<\/li>\n\t\t\t\t\t\t\t\t<li class=\"elementor-icon-list-item elementor-inline-item\">\n\t\t\t\t\t\t\t\t\t\t\t<span class=\"elementor-icon-list-icon\">\n\t\t\t\t\t\t\t<i aria-hidden=\"true\" class=\"far fa-envelope\"><\/i>\t\t\t\t\t\t<\/span>\n\t\t\t\t\t\t\t\t\t\t<span class=\"elementor-icon-list-text\">marie@answercompagnie.com<\/span>\n\t\t\t\t\t\t\t\t\t<\/li>\n\t\t\t\t\t\t\t\t<li class=\"elementor-icon-list-item elementor-inline-item\">\n\t\t\t\t\t\t\t\t\t\t\t<span class=\"elementor-icon-list-icon\">\n\t\t\t\t\t\t\t<i aria-hidden=\"true\" class=\"fas fa-city\"><\/i>\t\t\t\t\t\t<\/span>\n\t\t\t\t\t\t\t\t\t\t<span class=\"elementor-icon-list-text\">Lyon<\/span>\n\t\t\t\t\t\t\t\t\t<\/li>\n\t\t\t\t\t\t<\/ul>\n\t\t\t\t\t\t<\/div>\n\t\t\t\t<\/div>\n\t\t\t\t\t<\/div>\n\t\t<\/div>\n\t\t\t\t<div class=\"elementor-column elementor-col-33 elementor-top-column elementor-element elementor-element-b84bba4\" data-id=\"b84bba4\" data-element_type=\"column\" data-e-type=\"column\">\n\t\t\t<div class=\"elementor-widget-wrap\">\n\t\t\t\t\t\t\t<\/div>\n\t\t<\/div>\n\t\t\t\t\t<\/div>\n\t\t<\/section>\n\t\t\t\t<section class=\"elementor-section elementor-top-section elementor-element elementor-element-c60212b elementor-section-boxed elementor-section-height-default elementor-section-height-default\" data-id=\"c60212b\" data-element_type=\"section\" data-e-type=\"section\">\n\t\t\t\t\t\t<div class=\"elementor-container elementor-column-gap-default\">\n\t\t\t\t\t<div class=\"elementor-column elementor-col-100 elementor-top-column elementor-element elementor-element-ec08a84\" data-id=\"ec08a84\" data-element_type=\"column\" data-e-type=\"column\">\n\t\t\t<div class=\"elementor-widget-wrap elementor-element-populated\">\n\t\t\t\t\t\t<div class=\"elementor-element elementor-element-2657a9e elementor-widget elementor-widget-text-editor\" data-id=\"2657a9e\" data-element_type=\"widget\" data-e-type=\"widget\" data-widget_type=\"text-editor.default\">\n\t\t\t\t<div class=\"elementor-widget-container\">\n\t\t\t\t\t\t\t\t\t<p>Kooa est une marque de la soci\u00e9t\u00e9 Answer compagnie qui accompagne les entreprises dans l&rsquo;implication des collaborateurs de fa\u00e7on ludique, p\u00e9renne et constructive vers des engagements soci\u00e9taux pour travailler la marque employeur et renforcer votre d\u00e9marche RSE.<\/p><p style=\"font-weight: 400;\">Redonnons du sens et de la motivation dans nos entreprises.<\/p><p style=\"font-weight: 400;\">Alors, on fait KOOA ensemble demain ?<\/p>\t\t\t\t\t\t\t\t<\/div>\n\t\t\t\t<\/div>\n\t\t\t\t\t<\/div>\n\t\t<\/div>\n\t\t\t\t\t<\/div>\n\t\t<\/section>\n\t\t\t\t<section class=\"elementor-section elementor-top-section elementor-element elementor-element-5f43490 elementor-section-boxed elementor-section-height-default elementor-section-height-default\" data-id=\"5f43490\" data-element_type=\"section\" data-e-type=\"section\">\n\t\t\t\t\t\t<div class=\"elementor-container elementor-column-gap-default\">\n\t\t\t\t\t<div class=\"elementor-column elementor-col-100 elementor-top-column elementor-element elementor-element-f5ea83a\" data-id=\"f5ea83a\" data-element_type=\"column\" data-e-type=\"column\">\n\t\t\t<div class=\"elementor-widget-wrap elementor-element-populated\">\n\t\t\t\t\t\t<div class=\"elementor-element elementor-element-12d947f elementor-widget elementor-widget-heading\" data-id=\"12d947f\" data-element_type=\"widget\" data-e-type=\"widget\" data-widget_type=\"heading.default\">\n\t\t\t\t<div class=\"elementor-widget-container\">\n\t\t\t\t\t<h4 class=\"elementor-heading-title elementor-size-default\">Formulaire de contact<\/h4>\t\t\t\t<\/div>\n\t\t\t\t<\/div>\n\t\t\t\t<div class=\"elementor-element elementor-element-b35adfb elementor-button-align-stretch elementor-widget elementor-widget-form\" data-id=\"b35adfb\" data-element_type=\"widget\" data-e-type=\"widget\" data-settings=\"{&quot;step_next_label&quot;:&quot;Suivant&quot;,&quot;step_previous_label&quot;:&quot;Pr\\u00e9c\\u00e9dent&quot;,&quot;button_width&quot;:&quot;100&quot;,&quot;step_type&quot;:&quot;number_text&quot;,&quot;step_icon_shape&quot;:&quot;circle&quot;}\" data-widget_type=\"form.default\">\n\t\t\t\t<div class=\"elementor-widget-container\">\n\t\t\t\t\t\t\t<form class=\"elementor-form\" method=\"post\" name=\"Nouveau formulaire\" aria-label=\"Nouveau formulaire\">\n\t\t\t<input type=\"hidden\" name=\"post_id\" value=\"1450\"\/>\n\t\t\t<input type=\"hidden\" name=\"form_id\" value=\"b35adfb\"\/>\n\t\t\t<input type=\"hidden\" name=\"referer_title\" value=\"Contacter KOOA, entreprise de conseil en mobilisation des \u00e9quipes\" \/>\n\n\t\t\t\t\t\t\t<input type=\"hidden\" name=\"queried_id\" value=\"1450\"\/>\n\t\t\t\n\t\t\t<div class=\"elementor-form-fields-wrapper elementor-labels-above\">\n\t\t\t\t\t\t\t\t<div class=\"elementor-field-type-text elementor-field-group elementor-column elementor-field-group-name elementor-col-100 elementor-field-required\">\n\t\t\t\t\t\t\t\t\t\t\t\t<label for=\"form-field-name\" class=\"elementor-field-label\">\n\t\t\t\t\t\t\t\tNom\/Pr\u00e9nom\t\t\t\t\t\t\t<\/label>\n\t\t\t\t\t\t\t\t\t\t\t\t\t\t<input size=\"1\" type=\"text\" name=\"form_fields[name]\" id=\"form-field-name\" class=\"elementor-field elementor-size-sm  elementor-field-textual\" placeholder=\"Nom\/Pr\u00e9nom\" required=\"required\">\n\t\t\t\t\t\t\t\t\t\t\t<\/div>\n\t\t\t\t\t\t\t\t<div class=\"elementor-field-type-text elementor-field-group elementor-column elementor-field-group-field_5f24881 elementor-col-100 elementor-field-required\">\n\t\t\t\t\t\t\t\t\t\t\t\t<label for=\"form-field-field_5f24881\" class=\"elementor-field-label\">\n\t\t\t\t\t\t\t\tSoci\u00e9t\u00e9\t\t\t\t\t\t\t<\/label>\n\t\t\t\t\t\t\t\t\t\t\t\t\t\t<input size=\"1\" type=\"text\" name=\"form_fields[field_5f24881]\" id=\"form-field-field_5f24881\" class=\"elementor-field elementor-size-sm  elementor-field-textual\" placeholder=\"Soci\u00e9t\u00e9\" required=\"required\">\n\t\t\t\t\t\t\t\t\t\t\t<\/div>\n\t\t\t\t\t\t\t\t<div class=\"elementor-field-type-text elementor-field-group elementor-column elementor-field-group-field_24bd8ba elementor-col-100\">\n\t\t\t\t\t\t\t\t\t\t\t\t<label for=\"form-field-field_24bd8ba\" class=\"elementor-field-label\">\n\t\t\t\t\t\t\t\tT\u00e9l\u00e9phone\t\t\t\t\t\t\t<\/label>\n\t\t\t\t\t\t\t\t\t\t\t\t\t\t<input size=\"1\" type=\"text\" name=\"form_fields[field_24bd8ba]\" id=\"form-field-field_24bd8ba\" class=\"elementor-field elementor-size-sm  elementor-field-textual\" placeholder=\"T\u00e9l\u00e9phone\">\n\t\t\t\t\t\t\t\t\t\t\t<\/div>\n\t\t\t\t\t\t\t\t<div class=\"elementor-field-type-email elementor-field-group elementor-column elementor-field-group-email elementor-col-100 elementor-field-required\">\n\t\t\t\t\t\t\t\t\t\t\t\t<label for=\"form-field-email\" class=\"elementor-field-label\">\n\t\t\t\t\t\t\t\tE-mail\t\t\t\t\t\t\t<\/label>\n\t\t\t\t\t\t\t\t\t\t\t\t\t\t<input size=\"1\" type=\"email\" name=\"form_fields[email]\" id=\"form-field-email\" class=\"elementor-field elementor-size-sm  elementor-field-textual\" placeholder=\"E-mail\" required=\"required\">\n\t\t\t\t\t\t\t\t\t\t\t<\/div>\n\t\t\t\t\t\t\t\t<div class=\"elementor-field-type-textarea elementor-field-group elementor-column elementor-field-group-message elementor-col-100 elementor-field-required\">\n\t\t\t\t\t\t\t\t\t\t\t\t<label for=\"form-field-message\" class=\"elementor-field-label\">\n\t\t\t\t\t\t\t\tMessage\t\t\t\t\t\t\t<\/label>\n\t\t\t\t\t\t<textarea class=\"elementor-field-textual elementor-field  elementor-size-sm\" name=\"form_fields[message]\" id=\"form-field-message\" rows=\"4\" placeholder=\"Message\" required=\"required\"><\/textarea>\t\t\t\t<\/div>\n\t\t\t\t\t\t\t\t<div class=\"elementor-field-group elementor-column elementor-field-type-submit elementor-col-100 e-form__buttons\">\n\t\t\t\t\t<button class=\"elementor-button elementor-size-sm\" type=\"submit\">\n\t\t\t\t\t\t<span class=\"elementor-button-content-wrapper\">\n\t\t\t\t\t\t\t\t\t\t\t\t\t\t\t\t\t\t\t\t\t\t<span class=\"elementor-button-text\">Envoyer<\/span>\n\t\t\t\t\t\t\t\t\t\t\t\t\t<\/span>\n\t\t\t\t\t<\/button>\n\t\t\t\t<\/div>\n\t\t\t<\/div>\n\t\t<\/form>\n\t\t\t\t\t\t<\/div>\n\t\t\t\t<\/div>\n\t\t\t\t\t<\/div>\n\t\t<\/div>\n\t\t\t\t\t<\/div>\n\t\t<\/section>\n\t\t\t\t<section class=\"elementor-section elementor-top-section elementor-element elementor-element-083d006 elementor-section-boxed elementor-section-height-default elementor-section-height-default\" data-id=\"083d006\" data-element_type=\"section\" data-e-type=\"section\">\n\t\t\t\t\t\t<div class=\"elementor-container elementor-column-gap-default\">\n\t\t\t\t\t<div class=\"elementor-column elementor-col-100 elementor-top-column elementor-element elementor-element-772173f\" data-id=\"772173f\" data-element_type=\"column\" data-e-type=\"column\">\n\t\t\t<div class=\"elementor-widget-wrap elementor-element-populated\">\n\t\t\t\t\t\t<div class=\"elementor-element elementor-element-bd7a9b6 elementor-widget elementor-widget-heading\" data-id=\"bd7a9b6\" data-element_type=\"widget\" data-e-type=\"widget\" data-widget_type=\"heading.default\">\n\t\t\t\t<div class=\"elementor-widget-container\">\n\t\t\t\t\t<h4 class=\"elementor-heading-title elementor-size-default\">Et si on se rencontrait ?<\/h4>\t\t\t\t<\/div>\n\t\t\t\t<\/div>\n\t\t\t\t<div class=\"elementor-element elementor-element-254c715 elementor-widget elementor-widget-image\" data-id=\"254c715\" data-element_type=\"widget\" data-e-type=\"widget\" data-widget_type=\"image.default\">\n\t\t\t\t<div class=\"elementor-widget-container\">\n\t\t\t\t\t\t\t\t\t\t\t\t\t\t\t<img decoding=\"async\" width=\"300\" height=\"247\" src=\"https:\/\/www.kooa.fr\/wp-content\/uploads\/2024\/12\/calendly_logo_vertical_color-300x247.png\" class=\"attachment-medium size-medium wp-image-1474\" alt=\"\" srcset=\"https:\/\/www.kooa.fr\/wp-content\/uploads\/2024\/12\/calendly_logo_vertical_color-300x247.png 300w, https:\/\/www.kooa.fr\/wp-content\/uploads\/2024\/12\/calendly_logo_vertical_color-1024x844.png 1024w, https:\/\/www.kooa.fr\/wp-content\/uploads\/2024\/12\/calendly_logo_vertical_color-768x633.png 768w, https:\/\/www.kooa.fr\/wp-content\/uploads\/2024\/12\/calendly_logo_vertical_color-1536x1266.png 1536w, https:\/\/www.kooa.fr\/wp-content\/uploads\/2024\/12\/calendly_logo_vertical_color-2048x1688.png 2048w\" sizes=\"(max-width: 300px) 100vw, 300px\" \/>\t\t\t\t\t\t\t\t\t\t\t\t\t\t\t<\/div>\n\t\t\t\t<\/div>\n\t\t\t\t<div class=\"elementor-element elementor-element-73d37e4 elementor-align-center elementor-widget elementor-widget-button\" data-id=\"73d37e4\" data-element_type=\"widget\" data-e-type=\"widget\" data-widget_type=\"button.default\">\n\t\t\t\t<div class=\"elementor-widget-container\">\n\t\t\t\t\t\t\t\t\t<div class=\"elementor-button-wrapper\">\n\t\t\t\t\t<a class=\"elementor-button elementor-button-link elementor-size-sm\" href=\"https:\/\/calendly.com\/answercompagnie\/rdv-decouverte-kooa\">\n\t\t\t\t\t\t<span class=\"elementor-button-content-wrapper\">\n\t\t\t\t\t\t\t\t\t<span class=\"elementor-button-text\">Prendre rendez-vous<\/span>\n\t\t\t\t\t<\/span>\n\t\t\t\t\t<\/a>\n\t\t\t\t<\/div>\n\t\t\t\t\t\t\t\t<\/div>\n\t\t\t\t<\/div>\n\t\t\t\t\t<\/div>\n\t\t<\/div>\n\t\t\t\t\t<\/div>\n\t\t<\/section>\n\t\t\t\t<section class=\"elementor-section elementor-top-section elementor-element elementor-element-0aecf05 elementor-section-boxed elementor-section-height-default elementor-section-height-default\" data-id=\"0aecf05\" data-element_type=\"section\" data-e-type=\"section\">\n\t\t\t\t\t\t<div class=\"elementor-container elementor-column-gap-default\">\n\t\t\t\t\t<div class=\"elementor-column elementor-col-100 elementor-top-column elementor-element elementor-element-3d5a8c6\" data-id=\"3d5a8c6\" data-element_type=\"column\" data-e-type=\"column\">\n\t\t\t<div class=\"elementor-widget-wrap elementor-element-populated\">\n\t\t\t\t\t\t<div class=\"elementor-element elementor-element-ac76da3 elementor-widget elementor-widget-spacer\" data-id=\"ac76da3\" data-element_type=\"widget\" data-e-type=\"widget\" data-widget_type=\"spacer.default\">\n\t\t\t\t<div class=\"elementor-widget-container\">\n\t\t\t\t\t\t\t<div class=\"elementor-spacer\">\n\t\t\t<div class=\"elementor-spacer-inner\"><\/div>\n\t\t<\/div>\n\t\t\t\t\t\t<\/div>\n\t\t\t\t<\/div>\n\t\t\t\t\t<\/div>\n\t\t<\/div>\n\t\t\t\t\t<\/div>\n\t\t<\/section>\n\t\t\t\t<\/div>\n\t\t","protected":false},"excerpt":{"rendered":"<p>Nous contacter rapidement 06 98 78 24 08 marie@answercompagnie.com Lyon Kooa est une marque de la soci\u00e9t\u00e9 Answer compagnie qui accompagne les entreprises dans l&rsquo;implication des collaborateurs de fa\u00e7on ludique, p\u00e9renne et constructive vers des engagements soci\u00e9taux pour travailler la marque employeur et renforcer votre d\u00e9marche RSE. Redonnons du sens et de la motivation dans [&hellip;]<\/p>\n","protected":false},"author":1,"featured_media":1564,"parent":0,"menu_order":0,"comment_status":"closed","ping_status":"closed","template":"","meta":{"om_disable_all_campaigns":false,"inline_featured_image":false,"footnotes":""},"class_list":["post-1450","page","type-page","status-publish","has-post-thumbnail","hentry"],"yoast_head":"<!-- This site is optimized with the Yoast SEO plugin v27.6 - https:\/\/yoast.com\/product\/yoast-seo-wordpress\/ -->\n<title>Contacter KOOA, entreprise de conseil en mobilisation des \u00e9quipes<\/title>\n<meta name=\"description\" content=\"Accompagnement de projets \u00e0 impact solidaire pour redonner du sens et de l&#039;engagement dans les entreprises\" \/>\n<meta name=\"robots\" content=\"index, follow, max-snippet:-1, max-image-preview:large, max-video-preview:-1\" \/>\n<link rel=\"canonical\" href=\"https:\/\/www.kooa.fr\/index.php\/contact\/\" \/>\n<meta property=\"og:locale\" content=\"fr_FR\" \/>\n<meta property=\"og:type\" content=\"article\" \/>\n<meta property=\"og:title\" content=\"Contacter KOOA, entreprise de conseil en mobilisation des \u00e9quipes\" \/>\n<meta property=\"og:description\" content=\"Accompagnement de projets \u00e0 impact solidaire pour redonner du sens et de l&#039;engagement dans les entreprises\" \/>\n<meta property=\"og:url\" content=\"https:\/\/www.kooa.fr\/index.php\/contact\/\" \/>\n<meta property=\"og:site_name\" content=\"Kooa\" \/>\n<meta property=\"article:modified_time\" content=\"2024-12-19T10:46:14+00:00\" \/>\n<meta property=\"og:image\" content=\"https:\/\/www.kooa.fr\/wp-content\/uploads\/2024\/12\/Marie-Lextrait.jpeg\" \/>\n\t<meta property=\"og:image:width\" content=\"1086\" \/>\n\t<meta property=\"og:image:height\" content=\"724\" \/>\n\t<meta property=\"og:image:type\" content=\"image\/jpeg\" \/>\n<meta name=\"twitter:card\" content=\"summary_large_image\" \/>\n<meta name=\"twitter:label1\" content=\"Dur\u00e9e de lecture estim\u00e9e\" \/>\n\t<meta name=\"twitter:data1\" content=\"1 minute\" \/>\n<script type=\"application\/ld+json\" class=\"yoast-schema-graph\">{\"@context\":\"https:\\\/\\\/schema.org\",\"@graph\":[{\"@type\":\"WebPage\",\"@id\":\"https:\\\/\\\/www.kooa.fr\\\/index.php\\\/contact\\\/\",\"url\":\"https:\\\/\\\/www.kooa.fr\\\/index.php\\\/contact\\\/\",\"name\":\"Contacter KOOA, entreprise de conseil en mobilisation des \u00e9quipes\",\"isPartOf\":{\"@id\":\"https:\\\/\\\/www.kooa.fr\\\/#website\"},\"primaryImageOfPage\":{\"@id\":\"https:\\\/\\\/www.kooa.fr\\\/index.php\\\/contact\\\/#primaryimage\"},\"image\":{\"@id\":\"https:\\\/\\\/www.kooa.fr\\\/index.php\\\/contact\\\/#primaryimage\"},\"thumbnailUrl\":\"https:\\\/\\\/www.kooa.fr\\\/wp-content\\\/uploads\\\/2024\\\/12\\\/Marie-Lextrait.jpeg\",\"datePublished\":\"2024-12-19T09:08:04+00:00\",\"dateModified\":\"2024-12-19T10:46:14+00:00\",\"description\":\"Accompagnement de projets \u00e0 impact solidaire pour redonner du sens et de l'engagement dans les entreprises\",\"breadcrumb\":{\"@id\":\"https:\\\/\\\/www.kooa.fr\\\/index.php\\\/contact\\\/#breadcrumb\"},\"inLanguage\":\"fr-FR\",\"potentialAction\":[{\"@type\":\"ReadAction\",\"target\":[\"https:\\\/\\\/www.kooa.fr\\\/index.php\\\/contact\\\/\"]}]},{\"@type\":\"ImageObject\",\"inLanguage\":\"fr-FR\",\"@id\":\"https:\\\/\\\/www.kooa.fr\\\/index.php\\\/contact\\\/#primaryimage\",\"url\":\"https:\\\/\\\/www.kooa.fr\\\/wp-content\\\/uploads\\\/2024\\\/12\\\/Marie-Lextrait.jpeg\",\"contentUrl\":\"https:\\\/\\\/www.kooa.fr\\\/wp-content\\\/uploads\\\/2024\\\/12\\\/Marie-Lextrait.jpeg\",\"width\":1086,\"height\":724},{\"@type\":\"BreadcrumbList\",\"@id\":\"https:\\\/\\\/www.kooa.fr\\\/index.php\\\/contact\\\/#breadcrumb\",\"itemListElement\":[{\"@type\":\"ListItem\",\"position\":1,\"name\":\"Accueil\",\"item\":\"https:\\\/\\\/www.kooa.fr\\\/\"},{\"@type\":\"ListItem\",\"position\":2,\"name\":\"Contact KOOA\"}]},{\"@type\":\"WebSite\",\"@id\":\"https:\\\/\\\/www.kooa.fr\\\/#website\",\"url\":\"https:\\\/\\\/www.kooa.fr\\\/\",\"name\":\"Kooa\",\"description\":\"\",\"publisher\":{\"@id\":\"https:\\\/\\\/www.kooa.fr\\\/#organization\"},\"potentialAction\":[{\"@type\":\"SearchAction\",\"target\":{\"@type\":\"EntryPoint\",\"urlTemplate\":\"https:\\\/\\\/www.kooa.fr\\\/?s={search_term_string}\"},\"query-input\":{\"@type\":\"PropertyValueSpecification\",\"valueRequired\":true,\"valueName\":\"search_term_string\"}}],\"inLanguage\":\"fr-FR\"},{\"@type\":\"Organization\",\"@id\":\"https:\\\/\\\/www.kooa.fr\\\/#organization\",\"name\":\"Kooa\",\"url\":\"https:\\\/\\\/www.kooa.fr\\\/\",\"logo\":{\"@type\":\"ImageObject\",\"inLanguage\":\"fr-FR\",\"@id\":\"https:\\\/\\\/www.kooa.fr\\\/#\\\/schema\\\/logo\\\/image\\\/\",\"url\":\"https:\\\/\\\/www.kooa.fr\\\/wp-content\\\/uploads\\\/2024\\\/11\\\/cropped-Logo-Koaa1-Pt-Format.png\",\"contentUrl\":\"https:\\\/\\\/www.kooa.fr\\\/wp-content\\\/uploads\\\/2024\\\/11\\\/cropped-Logo-Koaa1-Pt-Format.png\",\"width\":1134,\"height\":431,\"caption\":\"Kooa\"},\"image\":{\"@id\":\"https:\\\/\\\/www.kooa.fr\\\/#\\\/schema\\\/logo\\\/image\\\/\"}}]}<\/script>\n<!-- \/ Yoast SEO plugin. -->","yoast_head_json":{"title":"Contacter KOOA, entreprise de conseil en mobilisation des \u00e9quipes","description":"Accompagnement de projets \u00e0 impact solidaire pour redonner du sens et de l'engagement dans les entreprises","robots":{"index":"index","follow":"follow","max-snippet":"max-snippet:-1","max-image-preview":"max-image-preview:large","max-video-preview":"max-video-preview:-1"},"canonical":"https:\/\/www.kooa.fr\/index.php\/contact\/","og_locale":"fr_FR","og_type":"article","og_title":"Contacter KOOA, entreprise de conseil en mobilisation des \u00e9quipes","og_description":"Accompagnement de projets \u00e0 impact solidaire pour redonner du sens et de l'engagement dans les entreprises","og_url":"https:\/\/www.kooa.fr\/index.php\/contact\/","og_site_name":"Kooa","article_modified_time":"2024-12-19T10:46:14+00:00","og_image":[{"width":1086,"height":724,"url":"https:\/\/www.kooa.fr\/wp-content\/uploads\/2024\/12\/Marie-Lextrait.jpeg","type":"image\/jpeg"}],"twitter_card":"summary_large_image","twitter_misc":{"Dur\u00e9e de lecture estim\u00e9e":"1 minute"},"schema":{"@context":"https:\/\/schema.org","@graph":[{"@type":"WebPage","@id":"https:\/\/www.kooa.fr\/index.php\/contact\/","url":"https:\/\/www.kooa.fr\/index.php\/contact\/","name":"Contacter KOOA, entreprise de conseil en mobilisation des \u00e9quipes","isPartOf":{"@id":"https:\/\/www.kooa.fr\/#website"},"primaryImageOfPage":{"@id":"https:\/\/www.kooa.fr\/index.php\/contact\/#primaryimage"},"image":{"@id":"https:\/\/www.kooa.fr\/index.php\/contact\/#primaryimage"},"thumbnailUrl":"https:\/\/www.kooa.fr\/wp-content\/uploads\/2024\/12\/Marie-Lextrait.jpeg","datePublished":"2024-12-19T09:08:04+00:00","dateModified":"2024-12-19T10:46:14+00:00","description":"Accompagnement de projets \u00e0 impact solidaire pour redonner du sens et de l'engagement dans les entreprises","breadcrumb":{"@id":"https:\/\/www.kooa.fr\/index.php\/contact\/#breadcrumb"},"inLanguage":"fr-FR","potentialAction":[{"@type":"ReadAction","target":["https:\/\/www.kooa.fr\/index.php\/contact\/"]}]},{"@type":"ImageObject","inLanguage":"fr-FR","@id":"https:\/\/www.kooa.fr\/index.php\/contact\/#primaryimage","url":"https:\/\/www.kooa.fr\/wp-content\/uploads\/2024\/12\/Marie-Lextrait.jpeg","contentUrl":"https:\/\/www.kooa.fr\/wp-content\/uploads\/2024\/12\/Marie-Lextrait.jpeg","width":1086,"height":724},{"@type":"BreadcrumbList","@id":"https:\/\/www.kooa.fr\/index.php\/contact\/#breadcrumb","itemListElement":[{"@type":"ListItem","position":1,"name":"Accueil","item":"https:\/\/www.kooa.fr\/"},{"@type":"ListItem","position":2,"name":"Contact KOOA"}]},{"@type":"WebSite","@id":"https:\/\/www.kooa.fr\/#website","url":"https:\/\/www.kooa.fr\/","name":"Kooa","description":"","publisher":{"@id":"https:\/\/www.kooa.fr\/#organization"},"potentialAction":[{"@type":"SearchAction","target":{"@type":"EntryPoint","urlTemplate":"https:\/\/www.kooa.fr\/?s={search_term_string}"},"query-input":{"@type":"PropertyValueSpecification","valueRequired":true,"valueName":"search_term_string"}}],"inLanguage":"fr-FR"},{"@type":"Organization","@id":"https:\/\/www.kooa.fr\/#organization","name":"Kooa","url":"https:\/\/www.kooa.fr\/","logo":{"@type":"ImageObject","inLanguage":"fr-FR","@id":"https:\/\/www.kooa.fr\/#\/schema\/logo\/image\/","url":"https:\/\/www.kooa.fr\/wp-content\/uploads\/2024\/11\/cropped-Logo-Koaa1-Pt-Format.png","contentUrl":"https:\/\/www.kooa.fr\/wp-content\/uploads\/2024\/11\/cropped-Logo-Koaa1-Pt-Format.png","width":1134,"height":431,"caption":"Kooa"},"image":{"@id":"https:\/\/www.kooa.fr\/#\/schema\/logo\/image\/"}}]}},"_links":{"self":[{"href":"https:\/\/www.kooa.fr\/index.php\/wp-json\/wp\/v2\/pages\/1450","targetHints":{"allow":["GET"]}}],"collection":[{"href":"https:\/\/www.kooa.fr\/index.php\/wp-json\/wp\/v2\/pages"}],"about":[{"href":"https:\/\/www.kooa.fr\/index.php\/wp-json\/wp\/v2\/types\/page"}],"author":[{"embeddable":true,"href":"https:\/\/www.kooa.fr\/index.php\/wp-json\/wp\/v2\/users\/1"}],"replies":[{"embeddable":true,"href":"https:\/\/www.kooa.fr\/index.php\/wp-json\/wp\/v2\/comments?post=1450"}],"version-history":[{"count":89,"href":"https:\/\/www.kooa.fr\/index.php\/wp-json\/wp\/v2\/pages\/1450\/revisions"}],"predecessor-version":[{"id":1585,"href":"https:\/\/www.kooa.fr\/index.php\/wp-json\/wp\/v2\/pages\/1450\/revisions\/1585"}],"wp:featuredmedia":[{"embeddable":true,"href":"https:\/\/www.kooa.fr\/index.php\/wp-json\/wp\/v2\/media\/1564"}],"wp:attachment":[{"href":"https:\/\/www.kooa.fr\/index.php\/wp-json\/wp\/v2\/media?parent=1450"}],"curies":[{"name":"wp","href":"https:\/\/api.w.org\/{rel}","templated":true}]}}